{"id":1210,"date":"2023-02-25T16:46:14","date_gmt":"2023-02-25T16:46:14","guid":{"rendered":"https:\/\/katowice.estred.pl\/?post_type=product&#038;p=1210"},"modified":"2026-03-02T18:45:45","modified_gmt":"2026-03-02T18:45:45","slug":"polina-tatuaze-neotradycyjne","status":"publish","type":"product","link":"https:\/\/zajawatattoozary.pl\/en\/zamow\/polina-tatuaze-neotradycyjne\/","title":{"rendered":"Polina"},"content":{"rendered":"","protected":false},"excerpt":{"rendered":"<p>Polina to do\u015bwiadczona tatua\u017cystka z 10-letnim sta\u017cem w bran\u017cy. Specjalizuje si\u0119 w stylu neotradycyjnym, \u0142\u0105cz\u0105c klasyczne fundamenty z nowoczesnym podej\u015bciem do koloru, kompozycji i detalu.<\/p>\n<p>W swojej tw\u00f3rczo\u015bci najbardziej ceni motywy florystyczne i faun\u0119, a tak\u017ce inspiracje \u015bwiatem gier. Ch\u0119tnie realizuje projekty indywidualne, w tym kompozycje inspirowane estetyk\u0105 art nouveau \u2014 pe\u0142ne p\u0142ynnych linii, ornamentyki i dekoracyjnej elegancji.<\/p>\n<p>Jej prace wyr\u00f3\u017cniaj\u0105 si\u0119 wyrazist\u0105 lini\u0105, \u015bwiadom\u0105 palet\u0105 barw oraz dopracowan\u0105 form\u0105. Ka\u017cdy projekt tworzy od podstaw, dbaj\u0105c o to, aby tatua\u017c by\u0142 nie tylko estetyczny, ale r\u00f3wnie\u017c harmonijnie dopasowany do anatomii i charakteru osoby, kt\u00f3ra go nosi.<\/p>\n<p>Polina wykonuje zar\u00f3wno tatua\u017ce kolorowe, jak i czarno-szare, zawsze z naciskiem na trwa\u0142o\u015b\u0107, czytelno\u015b\u0107 oraz wysok\u0105 jako\u015b\u0107 wykonania.<\/p>\n<p>Je\u015bli cenisz neotradycyjny styl, mocne kompozycje i dopracowane detale \u2014 zapraszamy na konsultacj\u0119.<\/p>","protected":false},"featured_media":2419,"template":"","meta":[],"product_cat":[16],"product_tag":[],"class_list":{"0":"post-1210","1":"product","2":"type-product","3":"status-publish","4":"has-post-thumbnail","6":"product_cat-tatuator","8":"first","9":"instock","10":"taxable","11":"shipping-taxable","12":"product-type-simple"},"_links":{"self":[{"href":"https:\/\/zajawatattoozary.pl\/en\/wp-json\/wp\/v2\/product\/1210","targetHints":{"allow":["GET"]}}],"collection":[{"href":"https:\/\/zajawatattoozary.pl\/en\/wp-json\/wp\/v2\/product"}],"about":[{"href":"https:\/\/zajawatattoozary.pl\/en\/wp-json\/wp\/v2\/types\/product"}],"wp:featuredmedia":[{"embeddable":true,"href":"https:\/\/zajawatattoozary.pl\/en\/wp-json\/wp\/v2\/media\/2419"}],"wp:attachment":[{"href":"https:\/\/zajawatattoozary.pl\/en\/wp-json\/wp\/v2\/media?parent=1210"}],"wp:term":[{"taxonomy":"product_cat","embeddable":true,"href":"https:\/\/zajawatattoozary.pl\/en\/wp-json\/wp\/v2\/product_cat?post=1210"},{"taxonomy":"product_tag","embeddable":true,"href":"https:\/\/zajawatattoozary.pl\/en\/wp-json\/wp\/v2\/product_tag?post=1210"}],"curies":[{"name":"wp","href":"https:\/\/api.w.org\/{rel}","templated":true}]}}