{"id":1211,"date":"2023-02-25T16:47:01","date_gmt":"2023-02-25T16:47:01","guid":{"rendered":"https:\/\/katowice.estred.pl\/?post_type=product&#038;p=1211"},"modified":"2026-03-02T18:46:11","modified_gmt":"2026-03-02T18:46:11","slug":"nina-tatuaz-realistyczny","status":"publish","type":"product","link":"https:\/\/zajawatattoozary.pl\/en\/zamow\/nina-tatuaz-realistyczny\/","title":{"rendered":"Nina"},"content":{"rendered":"","protected":false},"excerpt":{"rendered":"<p data-start=\"93\" data-end=\"272\">Nina specjalizuje si\u0119 w tatua\u017cu realistycznym, fine line oraz subtelnych projektach z charakterem. Tworzy delikatne, estetyczne kompozycje dopasowane do sylwetki i osobowo\u015bci klientki.<\/p>\n<p data-start=\"274\" data-end=\"344\">Ka\u017cdy projekt powstaje indywidualnie \u2013 bez kopiowania gotowych wzor\u00f3w.<\/p>\n<p data-start=\"346\" data-end=\"472\">Spokojna atmosfera, pe\u0142na higiena i uwa\u017cne podej\u015bcie sprawiaj\u0105, \u017ce nawet pierwszy tatua\u017c staje si\u0119 komfortowym do\u015bwiadczeniem.<\/p>\n<p data-start=\"474\" data-end=\"596\" data-is-last-node=\"\" data-is-only-node=\"\">Masz pomys\u0142? Inspiracj\u0119? A mo\u017ce dopiero szukasz kierunku?<br data-start=\"531\" data-end=\"534\" \/>Um\u00f3w konsultacj\u0119 i stw\u00f3rz projekt, kt\u00f3ry b\u0119dzie naprawd\u0119 Tw\u00f3j.<\/p>","protected":false},"featured_media":2224,"template":"","meta":[],"product_cat":[16],"product_tag":[],"class_list":{"0":"post-1211","1":"product","2":"type-product","3":"status-publish","4":"has-post-thumbnail","6":"product_cat-tatuator","8":"first","9":"instock","10":"taxable","11":"shipping-taxable","12":"product-type-simple"},"_links":{"self":[{"href":"https:\/\/zajawatattoozary.pl\/en\/wp-json\/wp\/v2\/product\/1211","targetHints":{"allow":["GET"]}}],"collection":[{"href":"https:\/\/zajawatattoozary.pl\/en\/wp-json\/wp\/v2\/product"}],"about":[{"href":"https:\/\/zajawatattoozary.pl\/en\/wp-json\/wp\/v2\/types\/product"}],"wp:featuredmedia":[{"embeddable":true,"href":"https:\/\/zajawatattoozary.pl\/en\/wp-json\/wp\/v2\/media\/2224"}],"wp:attachment":[{"href":"https:\/\/zajawatattoozary.pl\/en\/wp-json\/wp\/v2\/media?parent=1211"}],"wp:term":[{"taxonomy":"product_cat","embeddable":true,"href":"https:\/\/zajawatattoozary.pl\/en\/wp-json\/wp\/v2\/product_cat?post=1211"},{"taxonomy":"product_tag","embeddable":true,"href":"https:\/\/zajawatattoozary.pl\/en\/wp-json\/wp\/v2\/product_tag?post=1211"}],"curies":[{"name":"wp","href":"https:\/\/api.w.org\/{rel}","templated":true}]}}