{"id":1446,"date":"2023-05-11T14:19:23","date_gmt":"2023-05-11T14:19:23","guid":{"rendered":"https:\/\/katowicezajawatattoo.pl\/?post_type=product&#038;p=1446"},"modified":"2025-03-22T14:59:19","modified_gmt":"2025-03-22T14:59:19","slug":"dima-realistic-tattoo","status":"publish","type":"product","link":"https:\/\/zajawatattoozary.pl\/en\/zamow\/dima-realistic-tattoo\/","title":{"rendered":"Dima"},"content":{"rendered":"","protected":false},"excerpt":{"rendered":"<p>Pochodz\u0119 z Mi\u0144ska, ale od dw\u00f3ch lat pracuj\u0119 w Polsce. \u017bary to niezwyk\u0142e miasto, a tutejsi mieszka\u0144cy s\u0105 bardzo otwarci na now\u0105 sztuk\u0119. Pracuj\u0119 g\u0142\u00f3wnie w stylu realistycznym. Bardzo dobrze czuj\u0119 si\u0119 te\u017c zakrywaj\u0105c Wasze niechciane, starsze tatua\u017ce &#8211; czyli wykonuj\u0105c tak zwane covery. W naszym studiu Zajawa Tattoo \u017bary jestem po to, aby realizowa\u0107 Wasze najbardziej ambitne projekty!<\/p>\n<p>&nbsp;<\/p>","protected":false},"featured_media":2221,"template":"","meta":[],"product_cat":[16],"product_tag":[],"class_list":{"0":"post-1446","1":"product","2":"type-product","3":"status-publish","4":"has-post-thumbnail","6":"product_cat-tatuator","8":"first","9":"instock","10":"taxable","11":"shipping-taxable","12":"product-type-simple"},"_links":{"self":[{"href":"https:\/\/zajawatattoozary.pl\/en\/wp-json\/wp\/v2\/product\/1446","targetHints":{"allow":["GET"]}}],"collection":[{"href":"https:\/\/zajawatattoozary.pl\/en\/wp-json\/wp\/v2\/product"}],"about":[{"href":"https:\/\/zajawatattoozary.pl\/en\/wp-json\/wp\/v2\/types\/product"}],"wp:featuredmedia":[{"embeddable":true,"href":"https:\/\/zajawatattoozary.pl\/en\/wp-json\/wp\/v2\/media\/2221"}],"wp:attachment":[{"href":"https:\/\/zajawatattoozary.pl\/en\/wp-json\/wp\/v2\/media?parent=1446"}],"wp:term":[{"taxonomy":"product_cat","embeddable":true,"href":"https:\/\/zajawatattoozary.pl\/en\/wp-json\/wp\/v2\/product_cat?post=1446"},{"taxonomy":"product_tag","embeddable":true,"href":"https:\/\/zajawatattoozary.pl\/en\/wp-json\/wp\/v2\/product_tag?post=1446"}],"curies":[{"name":"wp","href":"https:\/\/api.w.org\/{rel}","templated":true}]}}