{"id":1504,"date":"2023-11-18T21:01:29","date_gmt":"2023-11-18T21:01:29","guid":{"rendered":"https:\/\/zajawa.tattoo\/?post_type=product&#038;p=1504"},"modified":"2026-03-03T13:25:10","modified_gmt":"2026-03-03T13:25:10","slug":"pablo-tatuaz-czarno-szary","status":"publish","type":"product","link":"https:\/\/zajawatattoozary.pl\/en\/zamow\/pablo-tatuaz-czarno-szary\/","title":{"rendered":"Pablo"},"content":{"rendered":"","protected":false},"excerpt":{"rendered":"<p>Cze\u015b\u0107! Nazywam si\u0119 \u0141ukasz, ale wo\u0142aj\u0105 na mnie Pablo. Tatua\u017ce interesuj\u0119 si\u0119 od kilku dobrych lat, a od czerwca pracuj\u0119 w studiu tatua\u017cu Zajawa Tattoo \u017bar<a href=\"https:\/\/zajawatattoozary.pl\/en\/\">y<\/a>! W tatua\u017cu stawiam na prosty, idealny kontur i czernie. Blackwork i tatua\u017c graficzny to style, w kt\u00f3rych czuj\u0119 si\u0119 najlepiej. Do swojej pracy podchodz\u0119 z zaanga\u017cowaniem i na pewno po\u015bwi\u0119c\u0119 sw\u00f3j czas, aby skupi\u0107 si\u0119 na Twojej wizji.<\/p>","protected":false},"featured_media":2226,"template":"","meta":[],"product_cat":[16],"product_tag":[],"class_list":{"0":"post-1504","1":"product","2":"type-product","3":"status-publish","4":"has-post-thumbnail","6":"product_cat-tatuator","8":"first","9":"instock","10":"taxable","11":"shipping-taxable","12":"product-type-simple"},"_links":{"self":[{"href":"https:\/\/zajawatattoozary.pl\/en\/wp-json\/wp\/v2\/product\/1504","targetHints":{"allow":["GET"]}}],"collection":[{"href":"https:\/\/zajawatattoozary.pl\/en\/wp-json\/wp\/v2\/product"}],"about":[{"href":"https:\/\/zajawatattoozary.pl\/en\/wp-json\/wp\/v2\/types\/product"}],"wp:featuredmedia":[{"embeddable":true,"href":"https:\/\/zajawatattoozary.pl\/en\/wp-json\/wp\/v2\/media\/2226"}],"wp:attachment":[{"href":"https:\/\/zajawatattoozary.pl\/en\/wp-json\/wp\/v2\/media?parent=1504"}],"wp:term":[{"taxonomy":"product_cat","embeddable":true,"href":"https:\/\/zajawatattoozary.pl\/en\/wp-json\/wp\/v2\/product_cat?post=1504"},{"taxonomy":"product_tag","embeddable":true,"href":"https:\/\/zajawatattoozary.pl\/en\/wp-json\/wp\/v2\/product_tag?post=1504"}],"curies":[{"name":"wp","href":"https:\/\/api.w.org\/{rel}","templated":true}]}}