{"id":1505,"date":"2023-11-18T21:01:28","date_gmt":"2023-11-18T21:01:28","guid":{"rendered":"https:\/\/zajawa.tattoo\/?post_type=product&#038;p=1505"},"modified":"2026-03-02T19:01:18","modified_gmt":"2026-03-02T19:01:18","slug":"pawel-piercing","status":"publish","type":"product","link":"https:\/\/zajawatattoozary.pl\/en\/zamow\/pawel-piercing\/","title":{"rendered":"Pawe\u0142 Piercing"},"content":{"rendered":"","protected":false},"excerpt":{"rendered":"<p>Profesjonalny i bezpieczny piercing w \u017barach? Tak! Nasza Ela to do\u015bwiadczona piercerka, kt\u00f3ra wykona dla Ciebie wymarzon\u0105 ozdob\u0119.<\/p>","protected":false},"featured_media":2225,"template":"","meta":[],"product_cat":[16],"product_tag":[],"class_list":{"0":"post-1505","1":"product","2":"type-product","3":"status-publish","4":"has-post-thumbnail","6":"product_cat-tatuator","8":"first","9":"instock","10":"taxable","11":"shipping-taxable","12":"product-type-simple"},"_links":{"self":[{"href":"https:\/\/zajawatattoozary.pl\/en\/wp-json\/wp\/v2\/product\/1505","targetHints":{"allow":["GET"]}}],"collection":[{"href":"https:\/\/zajawatattoozary.pl\/en\/wp-json\/wp\/v2\/product"}],"about":[{"href":"https:\/\/zajawatattoozary.pl\/en\/wp-json\/wp\/v2\/types\/product"}],"wp:featuredmedia":[{"embeddable":true,"href":"https:\/\/zajawatattoozary.pl\/en\/wp-json\/wp\/v2\/media\/2225"}],"wp:attachment":[{"href":"https:\/\/zajawatattoozary.pl\/en\/wp-json\/wp\/v2\/media?parent=1505"}],"wp:term":[{"taxonomy":"product_cat","embeddable":true,"href":"https:\/\/zajawatattoozary.pl\/en\/wp-json\/wp\/v2\/product_cat?post=1505"},{"taxonomy":"product_tag","embeddable":true,"href":"https:\/\/zajawatattoozary.pl\/en\/wp-json\/wp\/v2\/product_tag?post=1505"}],"curies":[{"name":"wp","href":"https:\/\/api.w.org\/{rel}","templated":true}]}}