{"id":321,"date":"2021-05-07T22:27:20","date_gmt":"2021-05-07T22:27:20","guid":{"rendered":"http:\/\/zajawa.local\/?post_type=product&#038;p=321"},"modified":"2025-11-21T11:40:32","modified_gmt":"2025-11-21T11:40:32","slug":"voucher-na-tatuaz","status":"publish","type":"product","link":"https:\/\/zajawatattoozary.pl\/en\/zamow\/voucher-na-tatuaz\/","title":{"rendered":"Voucher na tatua\u017c"},"content":{"rendered":"<h2>Voucher na tatua\u017c to wyj\u0105tkowy prezent!<\/h2>\n<p>Nie masz pomys\u0142u na prezent dla bliskiej osoby? Kup jej voucher na tatua\u017c na dowoln\u0105 kwot\u0119! A czemu voucher podarunkowy to najlepszy prezent? Bo ta osoba sama wybierze sobie wz\u00f3r tatua\u017cu, wi\u0119c na pewno prezent b\u0119dzie dok\u0142adnie taki, jaki sobie wymarzy\u0142a.<\/p>\n<p>Ka\u017cdy voucher prezentowany na tatua\u017c wysy\u0142amy kurierem gratis!<\/p>\n<p><em>* Bon na tatua\u017c wysy\u0142amy w formie wersji drukowanej w estetycznej kopercie &#8211; gotowy do podarowania. Voucher jest wa\u017cny przez rok od dnia zakupu. Obowi\u0105zuje do ka\u017cdego artysty w naszym studiu (r\u00f3wnie\u017c na piercing). Do wykorzystania jednorazowo.<\/em><\/p>\n<input type=\"hidden\" id=\"saswp_review_nonce\" name=\"saswp_review_nonce\" value=\"343f7a8f45\" \/><input type=\"hidden\" name=\"_wp_http_referer\" value=\"\/en\/wp-json\/wp\/v2\/product\/321\" \/><div class=\"saswp-rv-form-container\"><form action=\"https:\/\/zajawatattoozary.pl\/wp-admin\/admin-post.php\" method=\"post\" class=\"saswp-review-submission-form\"><input type=\"hidden\" id=\"saswp_review_nonce\" name=\"saswp_review_nonce\" value=\"343f7a8f45\" \/><input type=\"hidden\" name=\"_wp_http_referer\" value=\"\/en\/wp-json\/wp\/v2\/product\/321\" \/><div class=\"saswp-form-tbl\"><div class=\"saswp-form-fld\"><span>Name<\/span><input type=\"text\" name=\"saswp_reviewer_name\" required><\/div><div class=\"saswp-form-fld\"><span>Comment<\/span><textarea name=\"saswp_review_text\"><\/textarea><\/div><input type=\"hidden\" name=\"saswp_review_link\" value=\"https:\/\/zajawatattoozary.pl\/en\/wp-json\/wp\/v2\/product\/321\"><div class=\"saswp-rating-container\"><div class=\"saswp-rating-front-div\"><\/div><div class=\"saswp-rateyo-counter\"><\/div><input type=\"hidden\" name=\"saswp_review_rating\" value=\"5\"><\/div><input type=\"hidden\" name=\"saswp_place_id\" value=\"321\"><input type=\"hidden\" name=\"action\" value=\"saswp_review_form\"><input name=\"saswp-review-save\" type=\"submit\" class=\"submit\"><\/div><\/form><\/div>","protected":false},"excerpt":{"rendered":"<p>Nie masz pomys\u0142u na prezent dla bliskiej osoby? Kup jej voucher na tatua\u017c na dowoln\u0105 kwot\u0119! A czemu voucher podarunkowy to najlepszy prezent? Bo ta osoba sama wybierze sobie wz\u00f3r tatua\u017cu, wi\u0119c na pewno prezent b\u0119dzie dok\u0142adnie taki, jaki sobie wymarzy\u0142a.<\/p>\n<p>Ka\u017cdy voucher prezentowany na tatua\u017c wysy\u0142amy kurierem gratis!<\/p>","protected":false},"featured_media":2275,"template":"","meta":[],"product_cat":[17,25],"product_tag":[],"class_list":{"0":"post-321","1":"product","2":"type-product","3":"status-publish","4":"has-post-thumbnail","6":"product_cat-studio","7":"product_cat-voucher","9":"first","10":"instock","11":"taxable","12":"shipping-taxable","13":"purchasable","14":"product-type-simple"},"_links":{"self":[{"href":"https:\/\/zajawatattoozary.pl\/en\/wp-json\/wp\/v2\/product\/321","targetHints":{"allow":["GET"]}}],"collection":[{"href":"https:\/\/zajawatattoozary.pl\/en\/wp-json\/wp\/v2\/product"}],"about":[{"href":"https:\/\/zajawatattoozary.pl\/en\/wp-json\/wp\/v2\/types\/product"}],"wp:featuredmedia":[{"embeddable":true,"href":"https:\/\/zajawatattoozary.pl\/en\/wp-json\/wp\/v2\/media\/2275"}],"wp:attachment":[{"href":"https:\/\/zajawatattoozary.pl\/en\/wp-json\/wp\/v2\/media?parent=321"}],"wp:term":[{"taxonomy":"product_cat","embeddable":true,"href":"https:\/\/zajawatattoozary.pl\/en\/wp-json\/wp\/v2\/product_cat?post=321"},{"taxonomy":"product_tag","embeddable":true,"href":"https:\/\/zajawatattoozary.pl\/en\/wp-json\/wp\/v2\/product_tag?post=321"}],"curies":[{"name":"wp","href":"https:\/\/api.w.org\/{rel}","templated":true}]}}